{"id":733,"date":"2021-07-28T19:18:10","date_gmt":"2021-07-28T19:18:10","guid":{"rendered":"https:\/\/aandcadvisors.com\/?page_id=733"},"modified":"2025-06-16T18:20:47","modified_gmt":"2025-06-16T18:20:47","slug":"services","status":"publish","type":"page","link":"https:\/\/aandcadvisors.com\/fr\/services\/","title":{"rendered":"Services"},"content":{"rendered":"<div data-elementor-type=\"wp-page\" data-elementor-id=\"733\" class=\"elementor elementor-733\" data-elementor-post-type=\"page\">\n\t\t\t\t\t\t<section class=\"elementor-section elementor-top-section elementor-element elementor-element-695d404c elementor-section-boxed elementor-section-height-default elementor-section-height-default\" data-id=\"695d404c\" data-element_type=\"section\" data-e-type=\"section\">\n\t\t\t\t\t\t<div class=\"elementor-container elementor-column-gap-default\">\n\t\t\t\t\t<div class=\"elementor-column elementor-col-100 elementor-top-column elementor-element elementor-element-75f441e0\" data-id=\"75f441e0\" data-element_type=\"column\" data-e-type=\"column\">\n\t\t\t<div class=\"elementor-widget-wrap elementor-element-populated\">\n\t\t\t\t\t\t<div class=\"elementor-element elementor-element-7a93def elementor-widget elementor-widget-menu-anchor\" data-id=\"7a93def\" data-element_type=\"widget\" data-e-type=\"widget\" data-widget_type=\"menu-anchor.default\">\n\t\t\t\t<div class=\"elementor-widget-container\">\n\t\t\t\t\t\t\t<div class=\"elementor-menu-anchor\" id=\"strategic-consulting\"><\/div>\n\t\t\t\t\t\t<\/div>\n\t\t\t\t<\/div>\n\t\t\t\t<div class=\"elementor-element elementor-element-ab78594 elementor-widget elementor-widget-heading\" data-id=\"ab78594\" data-element_type=\"widget\" data-e-type=\"widget\" data-settings=\"{&quot;_animation&quot;:&quot;none&quot;}\" data-widget_type=\"heading.default\">\n\t\t\t\t<div class=\"elementor-widget-container\">\n\t\t\t\t\t<h2 class=\"elementor-heading-title elementor-size-default\">Conseil strat\u00e9gique<\/h2>\t\t\t\t<\/div>\n\t\t\t\t<\/div>\n\t\t\t\t<div class=\"elementor-element elementor-element-58f96f2 elementor-widget elementor-widget-text-editor\" data-id=\"58f96f2\" data-element_type=\"widget\" data-e-type=\"widget\" data-settings=\"{&quot;_animation&quot;:&quot;none&quot;}\" data-widget_type=\"text-editor.default\">\n\t\t\t\t<div class=\"elementor-widget-container\">\n\t\t\t\t\t\t\t\t\t<p><a href=\"http:\/\/t80.6ab.myftpupload.com\/wp-content\/uploads\/2021\/08\/Strategic-Consulting@2x.png\"><img decoding=\"async\" class=\"wp-image-1054 alignleft\" src=\"http:\/\/t80.6ab.myftpupload.com\/wp-content\/uploads\/2021\/08\/Strategic-Consulting@2x.png\" alt=\"Conseil strat\u00e9gique\" width=\"99\" height=\"99\" \/><\/a>Il y a une diff\u00e9rence lorsque vous travaillez avec des personnes qui ont travaill\u00e9 dans des salles de march\u00e9, g\u00e9r\u00e9 de l'argent, lev\u00e9 des fonds et d\u00e9velopp\u00e9 des produits dans toutes les principales juridictions mondiales.<\/p>\n<p>L'\u00e9quipe d'A&amp;C Advisors apporte plus de 25 ans d'exp\u00e9rience en mati\u00e8re de gestion d'investissements r\u00e9els aux gestionnaires de fonds, qu'ils soient nouveaux ou existants. Nous travaillons sur tous les aspects de la cr\u00e9ation, du d\u00e9veloppement, du marketing et des op\u00e9rations des fonds. L'\u00e9quipe d'A&amp;C travaille avec les nouveaux gestionnaires pour cr\u00e9er des structures, d\u00e9velopper des plans de marketing, mettre en place des op\u00e9rations et choisir des prestataires de services. L'\u00e9quipe A&amp;C travaille avec les gestionnaires existants pour r\u00e9soudre les probl\u00e8mes op\u00e9rationnels, donner des conseils sur le lancement de nouveaux produits et l'\u00e9valuation des prestataires de services.<\/p>\t\t\t\t\t\t\t\t<\/div>\n\t\t\t\t<\/div>\n\t\t\t\t<div class=\"elementor-element elementor-element-7f65984 elementor-widget elementor-widget-menu-anchor\" data-id=\"7f65984\" data-element_type=\"widget\" data-e-type=\"widget\" data-widget_type=\"menu-anchor.default\">\n\t\t\t\t<div class=\"elementor-widget-container\">\n\t\t\t\t\t\t\t<div class=\"elementor-menu-anchor\" id=\"fund-governance\"><\/div>\n\t\t\t\t\t\t<\/div>\n\t\t\t\t<\/div>\n\t\t\t\t<div class=\"elementor-element elementor-element-ed6f010 elementor-widget elementor-widget-heading\" data-id=\"ed6f010\" data-element_type=\"widget\" data-e-type=\"widget\" data-settings=\"{&quot;_animation&quot;:&quot;none&quot;}\" data-widget_type=\"heading.default\">\n\t\t\t\t<div class=\"elementor-widget-container\">\n\t\t\t\t\t<h2 class=\"elementor-heading-title elementor-size-default\">Gouvernance du fonds<\/h2>\t\t\t\t<\/div>\n\t\t\t\t<\/div>\n\t\t\t\t<div class=\"elementor-element elementor-element-9364348 elementor-widget elementor-widget-text-editor\" data-id=\"9364348\" data-element_type=\"widget\" data-e-type=\"widget\" data-settings=\"{&quot;_animation&quot;:&quot;none&quot;}\" data-widget_type=\"text-editor.default\">\n\t\t\t\t<div class=\"elementor-widget-container\">\n\t\t\t\t\t\t\t\t\t<p><a href=\"http:\/\/t80.6ab.myftpupload.com\/wp-content\/uploads\/2021\/07\/Fund-governance@2x.png\"><img decoding=\"async\" class=\"wp-image-807 alignleft\" src=\"http:\/\/t80.6ab.myftpupload.com\/wp-content\/uploads\/2021\/07\/Fund-governance@2x.png\" alt=\"Gouvernance du fonds\" width=\"119\" height=\"119\" \/><\/a><\/p>\n<p>A&amp;C fournit des solutions au secteur mondial de la gestion des investissements gr\u00e2ce \u00e0 une \u00e9quipe d'administrateurs ind\u00e9pendants tr\u00e8s exp\u00e9riment\u00e9s.<\/p>\n<p>Les administrateurs ind\u00e9pendants jouent un r\u00f4le important en veillant \u00e0 ce que le gestionnaire agisse toujours dans le meilleur int\u00e9r\u00eat de ses investisseurs. Les administrateurs d'A&amp;C ont plus de 20 ans d'exp\u00e9rience directe en mati\u00e8re de gestion d'investissements et d'op\u00e9rations. Ils ont travaill\u00e9 dans des salles de march\u00e9, ont \u00e9t\u00e9 gestionnaires de portefeuille, ont dirig\u00e9 des op\u00e9rations de fonds et ont beaucoup travaill\u00e9 dans le domaine de la conformit\u00e9. Notre \u00e9quipe est compos\u00e9e de v\u00e9ritables professionnels du secteur qui comprennent le fonctionnement des fonds, ce que les gestionnaires sont cens\u00e9s faire et, surtout, que le r\u00f4le d'un administrateur ne se limite pas \u00e0 la signature de documents.<\/p>\t\t\t\t\t\t\t\t<\/div>\n\t\t\t\t<\/div>\n\t\t\t\t<div class=\"elementor-element elementor-element-96b23e8 elementor-widget elementor-widget-menu-anchor\" data-id=\"96b23e8\" data-element_type=\"widget\" data-e-type=\"widget\" data-widget_type=\"menu-anchor.default\">\n\t\t\t\t<div class=\"elementor-widget-container\">\n\t\t\t\t\t\t\t<div class=\"elementor-menu-anchor\" id=\"board-support-services\"><\/div>\n\t\t\t\t\t\t<\/div>\n\t\t\t\t<\/div>\n\t\t\t\t<div class=\"elementor-element elementor-element-a6a19fb elementor-widget elementor-widget-heading\" data-id=\"a6a19fb\" data-element_type=\"widget\" data-e-type=\"widget\" data-settings=\"{&quot;_animation&quot;:&quot;none&quot;}\" data-widget_type=\"heading.default\">\n\t\t\t\t<div class=\"elementor-widget-container\">\n\t\t\t\t\t<h2 class=\"elementor-heading-title elementor-size-default\">Services d'appui au conseil d'administration<\/h2>\t\t\t\t<\/div>\n\t\t\t\t<\/div>\n\t\t\t\t<div class=\"elementor-element elementor-element-7dab409 elementor-widget elementor-widget-text-editor\" data-id=\"7dab409\" data-element_type=\"widget\" data-e-type=\"widget\" data-settings=\"{&quot;_animation&quot;:&quot;none&quot;}\" data-widget_type=\"text-editor.default\">\n\t\t\t\t<div class=\"elementor-widget-container\">\n\t\t\t\t\t\t\t\t\t<p><a href=\"http:\/\/t80.6ab.myftpupload.com\/wp-content\/uploads\/2021\/07\/Board-support-services@2x.png\"><img decoding=\"async\" class=\"wp-image-805  alignleft\" src=\"http:\/\/t80.6ab.myftpupload.com\/wp-content\/uploads\/2021\/07\/Board-support-services@2x.png\" alt=\"Services d&#039;appui au conseil d&#039;administration\" width=\"110\" height=\"121\" \/><\/a>A&amp;C fournit aux fonds d'investissement des services de soutien au conseil d'administration afin que les r\u00e9unions se d\u00e9roulent de mani\u00e8re fluide et efficace. Nous collaborons avec les gestionnaires pour veiller \u00e0 ce que tous les documents soient fournis \u00e0 tous les participants en temps voulu et de mani\u00e8re s\u00e9curis\u00e9e, afin que les r\u00e9unions soient plus productives. Nous fournissons tous les services n\u00e9cessaires \u00e0 une r\u00e9union r\u00e9ussie et efficace, y compris la programmation de la r\u00e9union, l'\u00e9tablissement de l'ordre du jour, la distribution des documents du conseil d'administration et la r\u00e9daction des proc\u00e8s-verbaux.<\/p>\t\t\t\t\t\t\t\t<\/div>\n\t\t\t\t<\/div>\n\t\t\t\t<div class=\"elementor-element elementor-element-0392341 elementor-widget elementor-widget-menu-anchor\" data-id=\"0392341\" data-element_type=\"widget\" data-e-type=\"widget\" data-widget_type=\"menu-anchor.default\">\n\t\t\t\t<div class=\"elementor-widget-container\">\n\t\t\t\t\t\t\t<div class=\"elementor-menu-anchor\" id=\"partnership-representative\"><\/div>\n\t\t\t\t\t\t<\/div>\n\t\t\t\t<\/div>\n\t\t\t\t<div class=\"elementor-element elementor-element-c1d4103 elementor-widget elementor-widget-heading\" data-id=\"c1d4103\" data-element_type=\"widget\" data-e-type=\"widget\" data-settings=\"{&quot;_animation&quot;:&quot;none&quot;}\" data-widget_type=\"heading.default\">\n\t\t\t\t<div class=\"elementor-widget-container\">\n\t\t\t\t\t<h2 class=\"elementor-heading-title elementor-size-default\">Repr\u00e9sentant du partenariat<\/h2>\t\t\t\t<\/div>\n\t\t\t\t<\/div>\n\t\t\t\t<div class=\"elementor-element elementor-element-4cdb35e elementor-widget elementor-widget-text-editor\" data-id=\"4cdb35e\" data-element_type=\"widget\" data-e-type=\"widget\" data-settings=\"{&quot;_animation&quot;:&quot;none&quot;}\" data-widget_type=\"text-editor.default\">\n\t\t\t\t<div class=\"elementor-widget-container\">\n\t\t\t\t\t\t\t\t\t<p><a href=\"http:\/\/t80.6ab.myftpupload.com\/wp-content\/uploads\/2021\/07\/Partnership-representative@2x.png\"><img loading=\"lazy\" decoding=\"async\" class=\"alignleft\" src=\"http:\/\/t80.6ab.myftpupload.com\/wp-content\/uploads\/2021\/07\/Partnership-representative@2x.png\" alt=\"Repr\u00e9sentant du partenariat\" width=\"100\" height=\"100\" \/><\/a>A&amp;C Corporate Services propose aux gestionnaires de fonds non am\u00e9ricains et aux soci\u00e9t\u00e9s de personnes \u00e9trang\u00e8res un repr\u00e9sentant d\u00e9sign\u00e9 pour r\u00e9pondre aux exigences de l'IRS en mati\u00e8re de pr\u00e9sence substantielle aux \u00c9tats-Unis.<\/p>\n<p><!-- \/wp:paragraph --><!-- wp:paragraph --><\/p>\n<p>A&amp;C fournira au partenariat<\/p>\n<p><!-- \/wp:paragraph --><!-- wp:list {\"ordered\":true} --><\/p>\n<ul>\n<li>Une personne am\u00e9ricaine d\u00e9sign\u00e9e avec un num\u00e9ro d'identification de contribuable<\/li>\n<li>Un num\u00e9ro de t\u00e9l\u00e9phone et une adresse postale aux \u00c9tats-Unis pour la correspondance et les contacts.<\/li>\n<li>une personne d\u00e9sign\u00e9e aux \u00c9tats-Unis pour rencontrer l'IRS en personne et s'engager \u00e0 r\u00e9pondre \u00e0 ses demandes dans les meilleurs d\u00e9lais<\/li>\n<li>une personne am\u00e9ricaine d\u00e9sign\u00e9e pour signer et d\u00e9poser les documents requis aupr\u00e8s de l'IRS<\/li>\n<li>Services de conseil permanents li\u00e9s \u00e0 l'audit et \u00e0 d'autres questions<\/li>\n<\/ul>\t\t\t\t\t\t\t\t<\/div>\n\t\t\t\t<\/div>\n\t\t\t\t<div class=\"elementor-element elementor-element-9e1025c elementor-widget elementor-widget-menu-anchor\" data-id=\"9e1025c\" data-element_type=\"widget\" data-e-type=\"widget\" data-widget_type=\"menu-anchor.default\">\n\t\t\t\t<div class=\"elementor-widget-container\">\n\t\t\t\t\t\t\t<div class=\"elementor-menu-anchor\" id=\"corporate-services\"><\/div>\n\t\t\t\t\t\t<\/div>\n\t\t\t\t<\/div>\n\t\t\t\t<div class=\"elementor-element elementor-element-9f874c2 elementor-widget elementor-widget-heading\" data-id=\"9f874c2\" data-element_type=\"widget\" data-e-type=\"widget\" data-settings=\"{&quot;_animation&quot;:&quot;none&quot;}\" data-widget_type=\"heading.default\">\n\t\t\t\t<div class=\"elementor-widget-container\">\n\t\t\t\t\t<h2 class=\"elementor-heading-title elementor-size-default\">Services aux entreprises<\/h2>\t\t\t\t<\/div>\n\t\t\t\t<\/div>\n\t\t\t\t<div class=\"elementor-element elementor-element-358abef2 elementor-widget elementor-widget-text-editor\" data-id=\"358abef2\" data-element_type=\"widget\" data-e-type=\"widget\" data-settings=\"{&quot;_animation&quot;:&quot;none&quot;}\" data-widget_type=\"text-editor.default\">\n\t\t\t\t<div class=\"elementor-widget-container\">\n\t\t\t\t\t\t\t\t\t<p><a href=\"http:\/\/t80.6ab.myftpupload.com\/wp-content\/uploads\/2021\/07\/Corporate-services@2x.png\"><img loading=\"lazy\" decoding=\"async\" class=\"wp-image-806 alignleft\" src=\"http:\/\/t80.6ab.myftpupload.com\/wp-content\/uploads\/2021\/07\/Corporate-services@2x.png\" alt=\"Services aux entreprises\" width=\"100\" height=\"133\" \/><\/a>A&amp;C Advisors fournit aux gestionnaires d'investissement et \u00e0 leurs avocats l'expertise dont ils ont besoin pour cr\u00e9er, administrer et g\u00e9rer tous leurs services d'entreprise avec un seul point de contact. S'appuyant sur plus de vingt ans d'exp\u00e9rience dans le secteur de la gestion des investissements et sur son r\u00e9seau national, A&amp;C collabore avec ses clients pour leur fournir des services pr\u00e9cis et complets de cr\u00e9ation, de gestion et de maintien d'entit\u00e9s sur l'ensemble du territoire des \u00c9tats-Unis.<\/p>\n<p>A&amp;C propose les services de cr\u00e9ation et de suivi de soci\u00e9t\u00e9s suivants \u00e0 ses clients dans les 50 \u00c9tats am\u00e9ricains :<\/p>\n<ul>\n<li>Formations et enregistrements d'entit\u00e9s<\/li>\n<li>Articles of Incorporation for Corporations<\/li>\n<li>Services d'agent agr\u00e9\u00e9<\/li>\n<li>Contrat Services de l'agence<\/li>\n<li>Kits d'entreprise<\/li>\n<li>Services de publication<\/li>\n<li>Acquisitions d'EIN<\/li>\n<li>Rapports annuels<\/li>\n<li>Filing of documents to ensure good Standing<\/li>\n<li>Services de repr\u00e9sentation des partenaires<\/li>\n<li>BOI Reporting Services<\/li>\n<li>AMLCO, MLRO, and DMLRO Services<\/li>\n<li>SEC Cybersecurity Rule Consulting<\/li>\n<\/ul>\n<p>\u00a0<\/p>\n<p>A&amp;C Advisors fournit des conseils, des orientations et un soutien ind\u00e9pendants, pr\u00e9cis et complets \u00e0 la communaut\u00e9 mondiale des gestionnaires d'investissement en mettant \u00e0 la disposition de nos clients des administrateurs professionnels, des services de gouvernance de fonds et des services de conseil strat\u00e9gique. L'\u00e9quipe d'A&amp;C Advisors offre un service personnalis\u00e9 de haut niveau aux soci\u00e9t\u00e9s d'investissement afin de s'assurer qu'elles obtiennent des informations pr\u00e9cises et compl\u00e8tes pour op\u00e9rer dans un environnement r\u00e9glementaire en constante \u00e9volution. Notre \u00e9quipe surveillera et suivra toutes les dates d'\u00e9ch\u00e9ance de l'\u00c9tat afin de garantir la conformit\u00e9 et le maintien de la bonne r\u00e9putation. En outre, les \u00e9quipes d'A&amp;C sont exp\u00e9riment\u00e9es dans la gestion des risques, les op\u00e9rations de gestion des investissements, la collecte de capitaux et le d\u00e9veloppement de produits.<\/p>\t\t\t\t\t\t\t\t<\/div>\n\t\t\t\t<\/div>\n\t\t\t\t<div class=\"elementor-element elementor-element-30f4b2f elementor-align-center elementor-widget elementor-widget-button\" data-id=\"30f4b2f\" data-element_type=\"widget\" data-e-type=\"widget\" data-widget_type=\"button.default\">\n\t\t\t\t<div class=\"elementor-widget-container\">\n\t\t\t\t\t\t\t\t\t<div class=\"elementor-button-wrapper\">\n\t\t\t\t\t<a class=\"elementor-button elementor-button-link elementor-size-md\" href=\"https:\/\/aandcadvisors.com\/fr\/independent-directors\/\">\n\t\t\t\t\t\t<span class=\"elementor-button-content-wrapper\">\n\t\t\t\t\t\t\t\t\t<span class=\"elementor-button-text\">En savoir plus<\/span>\n\t\t\t\t\t<\/span>\n\t\t\t\t\t<\/a>\n\t\t\t\t<\/div>\n\t\t\t\t\t\t\t\t<\/div>\n\t\t\t\t<\/div>\n\t\t\t\t\t<\/div>\n\t\t<\/div>\n\t\t\t\t\t<\/div>\n\t\t<\/section>\n\t\t\t\t<\/div>","protected":false},"excerpt":{"rendered":"<p>Strategic consulting There is a difference when you work with people who have sat on trading desks, managed money, raised assets and developed products in all the major global jurisdictions. The A&amp;C Advisors team brings more than 25 years of real investment management experience to both new and existing fund managers. We work on all [&hellip;]<\/p>\n","protected":false},"author":3,"featured_media":0,"parent":0,"menu_order":0,"comment_status":"closed","ping_status":"closed","template":"","meta":{"_monsterinsights_skip_tracking":false,"_monsterinsights_sitenote_active":false,"_monsterinsights_sitenote_note":"","_monsterinsights_sitenote_category":0,"footnotes":""},"class_list":["post-733","page","type-page","status-publish","hentry"],"aioseo_notices":[],"_links":{"self":[{"href":"https:\/\/aandcadvisors.com\/fr\/wp-json\/wp\/v2\/pages\/733","targetHints":{"allow":["GET"]}}],"collection":[{"href":"https:\/\/aandcadvisors.com\/fr\/wp-json\/wp\/v2\/pages"}],"about":[{"href":"https:\/\/aandcadvisors.com\/fr\/wp-json\/wp\/v2\/types\/page"}],"author":[{"embeddable":true,"href":"https:\/\/aandcadvisors.com\/fr\/wp-json\/wp\/v2\/users\/3"}],"replies":[{"embeddable":true,"href":"https:\/\/aandcadvisors.com\/fr\/wp-json\/wp\/v2\/comments?post=733"}],"version-history":[{"count":105,"href":"https:\/\/aandcadvisors.com\/fr\/wp-json\/wp\/v2\/pages\/733\/revisions"}],"predecessor-version":[{"id":4483,"href":"https:\/\/aandcadvisors.com\/fr\/wp-json\/wp\/v2\/pages\/733\/revisions\/4483"}],"wp:attachment":[{"href":"https:\/\/aandcadvisors.com\/fr\/wp-json\/wp\/v2\/media?parent=733"}],"curies":[{"name":"wp","href":"https:\/\/api.w.org\/{rel}","templated":true}]}}