{"id":4232,"date":"2023-11-06T21:00:08","date_gmt":"2023-11-06T21:00:08","guid":{"rendered":"https:\/\/aandcadvisors.com\/?page_id=4232"},"modified":"2024-02-08T17:46:30","modified_gmt":"2024-02-08T17:46:30","slug":"partnership-representative","status":"publish","type":"page","link":"https:\/\/aandcadvisors.com\/fr\/partnership-representative\/","title":{"rendered":"Repr\u00e9sentant du partenariat"},"content":{"rendered":"<div data-elementor-type=\"wp-page\" data-elementor-id=\"4232\" class=\"elementor elementor-4232\" data-elementor-post-type=\"page\">\n\t\t\t\t\t\t<section class=\"elementor-section elementor-top-section elementor-element elementor-element-e46771f elementor-section-boxed elementor-section-height-default elementor-section-height-default\" data-id=\"e46771f\" data-element_type=\"section\" data-e-type=\"section\">\n\t\t\t\t\t\t<div class=\"elementor-container elementor-column-gap-default\">\n\t\t\t\t\t<div class=\"elementor-column elementor-col-100 elementor-top-column elementor-element elementor-element-33f06ec\" data-id=\"33f06ec\" data-element_type=\"column\" data-e-type=\"column\">\n\t\t\t<div class=\"elementor-widget-wrap elementor-element-populated\">\n\t\t\t\t\t\t<div class=\"elementor-element elementor-element-f9e495d elementor-widget elementor-widget-text-editor\" data-id=\"f9e495d\" data-element_type=\"widget\" data-e-type=\"widget\" data-widget_type=\"text-editor.default\">\n\t\t\t\t<div class=\"elementor-widget-container\">\n\t\t\t\t\t\t\t\t\t<p>Chez A&amp;C Advisors LLC, nous sommes fiers de servir de repr\u00e9sentant de partenariat de confiance, offrant un service indispensable dans le paysage r\u00e9glementaire financier actuel. Dans le cadre d'un r\u00e9gime r\u00e9glementaire en constante \u00e9volution, il est essentiel que vous choisissiez la soci\u00e9t\u00e9 qui servira de repr\u00e9sentant de partenariat et que vous ne laissiez pas l'IRS le faire \u00e0 votre place. En tant que repr\u00e9sentant de partenariat, nous assurons la liaison avec l'IRS, garantissant une communication fluide et pr\u00e9cise en cas de questions concernant les d\u00e9clarations fiscales de votre entreprise.<\/p><h2>Votre repr\u00e9sentant de confiance<\/h2><p>\u00a0<\/p><p>Dans l'environnement fiscal complexe d'aujourd'hui, on ne saurait trop insister sur la n\u00e9cessit\u00e9 de disposer d'un repr\u00e9sentant de partenariat. Avec l'escalade des exigences r\u00e9glementaires et les subtilit\u00e9s de la l\u00e9gislation fiscale am\u00e9ricaine, il est indispensable de disposer d'un repr\u00e9sentant fiscal am\u00e9ricain pour les partenariats.<\/p><p>Le repr\u00e9sentant du partenariat joue un r\u00f4le essentiel en maintenant des lignes de communication ouvertes avec l'IRS et en assurant la liaison entre vous et votre conseiller fiscal afin de traiter les demandes et les requ\u00eates de l'IRS de mani\u00e8re efficace. En faisant appel \u00e0 A&amp;C pour ce service, vous vous assurez que votre entreprise aura quelqu'un sur le terrain pour traiter directement les communications de l'IRS. En choisissant A&amp;C, vous vous assurez que l'IRS ne le fait pas \u00e0 votre place. En faisant appel \u00e0 A&amp;C, vous avez l'esprit tranquille, sachant que les questions potentielles de l'IRS concernant les d\u00e9clarations de l'entreprise sont trait\u00e9es par des experts chevronn\u00e9s et, plus important encore, par des personnes que vous connaissez. Avoir un repr\u00e9sentant de partenariat comme A&amp;C Advisors LLC est une d\u00e9cision strat\u00e9gique pour prot\u00e9ger votre entreprise.<\/p><p>Chez A&amp;C Advisors LLC, nous comprenons le r\u00f4le important que joue un repr\u00e9sentant de soci\u00e9t\u00e9 de personnes et sur lequel vous pouvez compter. Notre \u00e9quipe se consacre \u00e0 fournir un service professionnel et amical, soutenu par une expertise approfondie en mati\u00e8re de gouvernance d'entreprise, de gestion des risques, de gestion des investissements, de mobilisation de capitaux, de d\u00e9veloppement de produits et d'op\u00e9rations.<\/p><p>Notre engagement \u00e0 l'\u00e9gard du service \u00e0 la client\u00e8le est in\u00e9gal\u00e9, car nous visons \u00e0 vous fournir des informations compl\u00e8tes et adapt\u00e9es \u00e0 vos op\u00e9rations uniques. En tant que repr\u00e9sentant du Partenariat, nous mettons \u00e0 votre service notre vaste exp\u00e9rience des march\u00e9s financiers mondiaux.<\/p><p>N'attendez pas que l'IRS agisse en votre nom. Laissez A&amp;C Advisors LLC \u00eatre votre repr\u00e9sentant de confiance, en fournissant des conseils et un soutien ind\u00e9pendants, pr\u00e9cis et complets \u00e0 la communaut\u00e9 mondiale des gestionnaires d'investissement.\u00a0<a href=\"https:\/\/aandcadvisors.com\/fr\/contact-us\/\" target=\"_blank\" rel=\"noopener noreferrer\">Contactez nous<\/a>\u00a0aujourd'hui pour savoir comment nous pouvons vous aider \u00e0 r\u00e9ussir sur le march\u00e9 actuel.<\/p>\t\t\t\t\t\t\t\t<\/div>\n\t\t\t\t<\/div>\n\t\t\t\t\t<\/div>\n\t\t<\/div>\n\t\t\t\t\t<\/div>\n\t\t<\/section>\n\t\t\t\t<\/div>","protected":false},"excerpt":{"rendered":"<p>At A&amp;C Advisors LLC, we pride ourselves on serving as a trusted Partnership Representative, delivering an indispensable service in the current financial regulatory landscape. In the ever-evolving regulatory regime, it&#8217;s crucial that you choose the firm to serve a Partnership Representative and do not let the IRS do it for you. As a partnership representative, [&hellip;]<\/p>\n","protected":false},"author":2,"featured_media":0,"parent":0,"menu_order":0,"comment_status":"closed","ping_status":"closed","template":"","meta":{"_monsterinsights_skip_tracking":false,"_monsterinsights_sitenote_active":false,"_monsterinsights_sitenote_note":"","_monsterinsights_sitenote_category":0,"footnotes":""},"class_list":["post-4232","page","type-page","status-publish","hentry"],"aioseo_notices":[],"_links":{"self":[{"href":"https:\/\/aandcadvisors.com\/fr\/wp-json\/wp\/v2\/pages\/4232","targetHints":{"allow":["GET"]}}],"collection":[{"href":"https:\/\/aandcadvisors.com\/fr\/wp-json\/wp\/v2\/pages"}],"about":[{"href":"https:\/\/aandcadvisors.com\/fr\/wp-json\/wp\/v2\/types\/page"}],"author":[{"embeddable":true,"href":"https:\/\/aandcadvisors.com\/fr\/wp-json\/wp\/v2\/users\/2"}],"replies":[{"embeddable":true,"href":"https:\/\/aandcadvisors.com\/fr\/wp-json\/wp\/v2\/comments?post=4232"}],"version-history":[{"count":7,"href":"https:\/\/aandcadvisors.com\/fr\/wp-json\/wp\/v2\/pages\/4232\/revisions"}],"predecessor-version":[{"id":4239,"href":"https:\/\/aandcadvisors.com\/fr\/wp-json\/wp\/v2\/pages\/4232\/revisions\/4239"}],"wp:attachment":[{"href":"https:\/\/aandcadvisors.com\/fr\/wp-json\/wp\/v2\/media?parent=4232"}],"curies":[{"name":"wp","href":"https:\/\/api.w.org\/{rel}","templated":true}]}}