{"id":4232,"date":"2023-11-06T21:00:08","date_gmt":"2023-11-06T21:00:08","guid":{"rendered":"https:\/\/aandcadvisors.com\/?page_id=4232"},"modified":"2024-02-08T17:46:30","modified_gmt":"2024-02-08T17:46:30","slug":"partnership-representative","status":"publish","type":"page","link":"https:\/\/aandcadvisors.com\/es\/partnership-representative\/","title":{"rendered":"Representante de la Asociaci\u00f3n"},"content":{"rendered":"<div data-elementor-type=\"wp-page\" data-elementor-id=\"4232\" class=\"elementor elementor-4232\" data-elementor-post-type=\"page\">\n\t\t\t\t\t\t<section class=\"elementor-section elementor-top-section elementor-element elementor-element-e46771f elementor-section-boxed elementor-section-height-default elementor-section-height-default\" data-id=\"e46771f\" data-element_type=\"section\" data-e-type=\"section\">\n\t\t\t\t\t\t<div class=\"elementor-container elementor-column-gap-default\">\n\t\t\t\t\t<div class=\"elementor-column elementor-col-100 elementor-top-column elementor-element elementor-element-33f06ec\" data-id=\"33f06ec\" data-element_type=\"column\" data-e-type=\"column\">\n\t\t\t<div class=\"elementor-widget-wrap elementor-element-populated\">\n\t\t\t\t\t\t<div class=\"elementor-element elementor-element-f9e495d elementor-widget elementor-widget-text-editor\" data-id=\"f9e495d\" data-element_type=\"widget\" data-e-type=\"widget\" data-widget_type=\"text-editor.default\">\n\t\t\t\t<div class=\"elementor-widget-container\">\n\t\t\t\t\t\t\t\t\t<p>En A&amp;C Advisors LLC, nos enorgullecemos de servir como Representante de Sociedades de confianza, prestando un servicio indispensable en el actual panorama de regulaci\u00f3n financiera. En el r\u00e9gimen regulatorio en constante evoluci\u00f3n, es crucial que usted elija la empresa para servir a un representante de asociaci\u00f3n y no dejar que el IRS lo haga por usted. Como representante de sociedades, actuamos como su enlace con el IRS, garantizando una comunicaci\u00f3n fluida y precisa cuando y si surgen preguntas relacionadas con las declaraciones fiscales de su empresa.<\/p><h2>Su representante de confianza<\/h2><p>\u00a0<\/p><p>Nunca se insistir\u00e1 lo suficiente en la necesidad de contar con un representante de sociedades en el complejo entorno fiscal actual. Con el aumento de las exigencias normativas y las complejidades de la legislaci\u00f3n fiscal estadounidense, contar con un representante fiscal de sociedades en EE.UU. es una necesidad.<\/p><p>El Representante de la Sociedad desempe\u00f1a un papel esencial en el mantenimiento de l\u00edneas abiertas de comunicaci\u00f3n con el IRS y como enlace entre usted y su asesor fiscal para gestionar las solicitudes y consultas del IRS de manera eficiente. Contratar a A&amp;C para este servicio garantiza que su empresa tendr\u00e1 a alguien sobre el terreno para gestionar directamente las comunicaciones con el IRS. Elegir a A&amp;C garantiza que el IRS no lo haga por usted, utilizar a A&amp;C le proporciona tranquilidad, sabiendo que las posibles preguntas del IRS sobre las declaraciones de la empresa son gestionadas por expertos experimentados y, lo que es m\u00e1s importante, por personas que usted conoce. Contar con un representante de sociedades como A&amp;C Advisors LLC es un movimiento estrat\u00e9gico para salvaguardar su empresa.<\/p><p>En A&amp;C Advisors LLC, entendemos el importante papel que desempe\u00f1a el Representante de Sociedades y en el que usted puede confiar. Nuestro equipo se dedica a proporcionar un servicio profesional y amable, respaldado por una profunda experiencia en gobierno corporativo, gesti\u00f3n de riesgos, gesti\u00f3n de inversiones, obtenci\u00f3n de capital, desarrollo de productos y operaciones.<\/p><p>Nuestro compromiso con el servicio al cliente es inigualable, ya que nuestro objetivo es proporcionarle informaci\u00f3n completa adaptada a sus operaciones \u00fanicas. En calidad de su Partnership Pepresentative, aprovechamos nuestra amplia experiencia en el mercado financiero mundial para trabajar para usted.<\/p><p>No espere a que Hacienda act\u00fae en su nombre. Deje que A&amp;C Advisors LLC sea su representante de confianza de la sociedad, ofreciendo orientaci\u00f3n y apoyo independientes, precisos y completos a la comunidad mundial de gesti\u00f3n de inversiones.\u00a0<a href=\"https:\/\/aandcadvisors.com\/es\/contact-us\/\" target=\"_blank\" rel=\"noopener noreferrer\">P\u00f3ngase en contacto con nosotros<\/a>\u00a0hoy mismo para saber m\u00e1s sobre c\u00f3mo podemos ayudarle a triunfar en el mercado actual.<\/p>\t\t\t\t\t\t\t\t<\/div>\n\t\t\t\t<\/div>\n\t\t\t\t\t<\/div>\n\t\t<\/div>\n\t\t\t\t\t<\/div>\n\t\t<\/section>\n\t\t\t\t<\/div>","protected":false},"excerpt":{"rendered":"<p>At A&amp;C Advisors LLC, we pride ourselves on serving as a trusted Partnership Representative, delivering an indispensable service in the current financial regulatory landscape. In the ever-evolving regulatory regime, it&#8217;s crucial that you choose the firm to serve a Partnership Representative and do not let the IRS do it for you. As a partnership representative, [&hellip;]<\/p>\n","protected":false},"author":2,"featured_media":0,"parent":0,"menu_order":0,"comment_status":"closed","ping_status":"closed","template":"","meta":{"_monsterinsights_skip_tracking":false,"_monsterinsights_sitenote_active":false,"_monsterinsights_sitenote_note":"","_monsterinsights_sitenote_category":0,"footnotes":""},"class_list":["post-4232","page","type-page","status-publish","hentry"],"aioseo_notices":[],"_links":{"self":[{"href":"https:\/\/aandcadvisors.com\/es\/wp-json\/wp\/v2\/pages\/4232","targetHints":{"allow":["GET"]}}],"collection":[{"href":"https:\/\/aandcadvisors.com\/es\/wp-json\/wp\/v2\/pages"}],"about":[{"href":"https:\/\/aandcadvisors.com\/es\/wp-json\/wp\/v2\/types\/page"}],"author":[{"embeddable":true,"href":"https:\/\/aandcadvisors.com\/es\/wp-json\/wp\/v2\/users\/2"}],"replies":[{"embeddable":true,"href":"https:\/\/aandcadvisors.com\/es\/wp-json\/wp\/v2\/comments?post=4232"}],"version-history":[{"count":7,"href":"https:\/\/aandcadvisors.com\/es\/wp-json\/wp\/v2\/pages\/4232\/revisions"}],"predecessor-version":[{"id":4239,"href":"https:\/\/aandcadvisors.com\/es\/wp-json\/wp\/v2\/pages\/4232\/revisions\/4239"}],"wp:attachment":[{"href":"https:\/\/aandcadvisors.com\/es\/wp-json\/wp\/v2\/media?parent=4232"}],"curies":[{"name":"wp","href":"https:\/\/api.w.org\/{rel}","templated":true}]}}