{"id":733,"date":"2021-07-28T19:18:10","date_gmt":"2021-07-28T19:18:10","guid":{"rendered":"https:\/\/aandcadvisors.com\/?page_id=733"},"modified":"2025-06-16T18:20:47","modified_gmt":"2025-06-16T18:20:47","slug":"services","status":"publish","type":"page","link":"https:\/\/aandcadvisors.com\/de\/services\/","title":{"rendered":"Dienstleistungen"},"content":{"rendered":"<div data-elementor-type=\"wp-page\" data-elementor-id=\"733\" class=\"elementor elementor-733\" data-elementor-post-type=\"page\">\n\t\t\t\t\t\t<section class=\"elementor-section elementor-top-section elementor-element elementor-element-695d404c elementor-section-boxed elementor-section-height-default elementor-section-height-default\" data-id=\"695d404c\" data-element_type=\"section\" data-e-type=\"section\">\n\t\t\t\t\t\t<div class=\"elementor-container elementor-column-gap-default\">\n\t\t\t\t\t<div class=\"elementor-column elementor-col-100 elementor-top-column elementor-element elementor-element-75f441e0\" data-id=\"75f441e0\" data-element_type=\"column\" data-e-type=\"column\">\n\t\t\t<div class=\"elementor-widget-wrap elementor-element-populated\">\n\t\t\t\t\t\t<div class=\"elementor-element elementor-element-7a93def elementor-widget elementor-widget-menu-anchor\" data-id=\"7a93def\" data-element_type=\"widget\" data-e-type=\"widget\" data-widget_type=\"menu-anchor.default\">\n\t\t\t\t<div class=\"elementor-widget-container\">\n\t\t\t\t\t\t\t<div class=\"elementor-menu-anchor\" id=\"strategic-consulting\"><\/div>\n\t\t\t\t\t\t<\/div>\n\t\t\t\t<\/div>\n\t\t\t\t<div class=\"elementor-element elementor-element-ab78594 elementor-widget elementor-widget-heading\" data-id=\"ab78594\" data-element_type=\"widget\" data-e-type=\"widget\" data-settings=\"{&quot;_animation&quot;:&quot;none&quot;}\" data-widget_type=\"heading.default\">\n\t\t\t\t<div class=\"elementor-widget-container\">\n\t\t\t\t\t<h2 class=\"elementor-heading-title elementor-size-default\">Strategische Beratung<\/h2>\t\t\t\t<\/div>\n\t\t\t\t<\/div>\n\t\t\t\t<div class=\"elementor-element elementor-element-58f96f2 elementor-widget elementor-widget-text-editor\" data-id=\"58f96f2\" data-element_type=\"widget\" data-e-type=\"widget\" data-settings=\"{&quot;_animation&quot;:&quot;none&quot;}\" data-widget_type=\"text-editor.default\">\n\t\t\t\t<div class=\"elementor-widget-container\">\n\t\t\t\t\t\t\t\t\t<p><a href=\"http:\/\/t80.6ab.myftpupload.com\/wp-content\/uploads\/2021\/08\/Strategic-Consulting@2x.png\"><img decoding=\"async\" class=\"wp-image-1054 alignleft\" src=\"http:\/\/t80.6ab.myftpupload.com\/wp-content\/uploads\/2021\/08\/Strategic-Consulting@2x.png\" alt=\"Strategische Beratung\" width=\"99\" height=\"99\" \/><\/a>Es macht einen Unterschied, wenn man mit Menschen zusammenarbeitet, die in allen wichtigen L\u00e4ndern der Welt an Handelsschaltern gesessen, Geld verwaltet, Verm\u00f6genswerte beschafft und Produkte entwickelt haben.<\/p>\n<p>Das Team von A&amp;C Advisors verf\u00fcgt \u00fcber mehr als 25 Jahre Erfahrung im Investmentmanagement und unterst\u00fctzt sowohl neue als auch bestehende Fondsmanager. Wir arbeiten an allen Aspekten der Fondsgr\u00fcndung, -entwicklung, des Marketings und des Betriebs. Das A&amp;C-Team arbeitet mit neuen Managern zusammen, um Strukturen zu schaffen, Marketingpl\u00e4ne zu entwickeln, den Betrieb einzurichten und Dienstleistungsanbieter auszuw\u00e4hlen. Das A&amp;C-Team arbeitet mit bestehenden Managern zusammen, um operative Probleme zu l\u00f6sen, bei der Einf\u00fchrung neuer Produkte zu beraten und Dienstleister zu bewerten.<\/p>\t\t\t\t\t\t\t\t<\/div>\n\t\t\t\t<\/div>\n\t\t\t\t<div class=\"elementor-element elementor-element-7f65984 elementor-widget elementor-widget-menu-anchor\" data-id=\"7f65984\" data-element_type=\"widget\" data-e-type=\"widget\" data-widget_type=\"menu-anchor.default\">\n\t\t\t\t<div class=\"elementor-widget-container\">\n\t\t\t\t\t\t\t<div class=\"elementor-menu-anchor\" id=\"fund-governance\"><\/div>\n\t\t\t\t\t\t<\/div>\n\t\t\t\t<\/div>\n\t\t\t\t<div class=\"elementor-element elementor-element-ed6f010 elementor-widget elementor-widget-heading\" data-id=\"ed6f010\" data-element_type=\"widget\" data-e-type=\"widget\" data-settings=\"{&quot;_animation&quot;:&quot;none&quot;}\" data-widget_type=\"heading.default\">\n\t\t\t\t<div class=\"elementor-widget-container\">\n\t\t\t\t\t<h2 class=\"elementor-heading-title elementor-size-default\">Fondsverwaltung<\/h2>\t\t\t\t<\/div>\n\t\t\t\t<\/div>\n\t\t\t\t<div class=\"elementor-element elementor-element-9364348 elementor-widget elementor-widget-text-editor\" data-id=\"9364348\" data-element_type=\"widget\" data-e-type=\"widget\" data-settings=\"{&quot;_animation&quot;:&quot;none&quot;}\" data-widget_type=\"text-editor.default\">\n\t\t\t\t<div class=\"elementor-widget-container\">\n\t\t\t\t\t\t\t\t\t<p><a href=\"http:\/\/t80.6ab.myftpupload.com\/wp-content\/uploads\/2021\/07\/Fund-governance@2x.png\"><img decoding=\"async\" class=\"wp-image-807 alignleft\" src=\"http:\/\/t80.6ab.myftpupload.com\/wp-content\/uploads\/2021\/07\/Fund-governance@2x.png\" alt=\"Fondsverwaltung\" width=\"119\" height=\"119\" \/><\/a><\/p>\n<p>A&amp;C bietet L\u00f6sungen f\u00fcr die globale Investment-Management-Branche mit einem Team von sehr erfahrenen unabh\u00e4ngigen Direktoren.<\/p>\n<p>Unabh\u00e4ngige Direktoren erf\u00fcllen eine wichtige Funktion, die sicherstellt, dass der Manager stets im besten Interesse seiner Anleger handelt. Die Direktoren von A&amp;C verf\u00fcgen \u00fcber mehr als 20 Jahre Erfahrung im direkten Investmentmanagement und im operativen Gesch\u00e4ft. Sie haben an Handelsschaltern gearbeitet, waren als Portfoliomanager t\u00e4tig, haben Fondsoperationen geleitet und sich intensiv mit Compliance besch\u00e4ftigt. Unser Team besteht aus echten Branchenprofis, die verstehen, wie Fonds funktionieren, was Manager tun sollen und vor allem, dass die Rolle eines Direktors mehr ist als nur die Unterzeichnung von Dokumenten.<\/p>\t\t\t\t\t\t\t\t<\/div>\n\t\t\t\t<\/div>\n\t\t\t\t<div class=\"elementor-element elementor-element-96b23e8 elementor-widget elementor-widget-menu-anchor\" data-id=\"96b23e8\" data-element_type=\"widget\" data-e-type=\"widget\" data-widget_type=\"menu-anchor.default\">\n\t\t\t\t<div class=\"elementor-widget-container\">\n\t\t\t\t\t\t\t<div class=\"elementor-menu-anchor\" id=\"board-support-services\"><\/div>\n\t\t\t\t\t\t<\/div>\n\t\t\t\t<\/div>\n\t\t\t\t<div class=\"elementor-element elementor-element-a6a19fb elementor-widget elementor-widget-heading\" data-id=\"a6a19fb\" data-element_type=\"widget\" data-e-type=\"widget\" data-settings=\"{&quot;_animation&quot;:&quot;none&quot;}\" data-widget_type=\"heading.default\">\n\t\t\t\t<div class=\"elementor-widget-container\">\n\t\t\t\t\t<h2 class=\"elementor-heading-title elementor-size-default\">Unterst\u00fctzungsdienste des Verwaltungsrats<\/h2>\t\t\t\t<\/div>\n\t\t\t\t<\/div>\n\t\t\t\t<div class=\"elementor-element elementor-element-7dab409 elementor-widget elementor-widget-text-editor\" data-id=\"7dab409\" data-element_type=\"widget\" data-e-type=\"widget\" data-settings=\"{&quot;_animation&quot;:&quot;none&quot;}\" data-widget_type=\"text-editor.default\">\n\t\t\t\t<div class=\"elementor-widget-container\">\n\t\t\t\t\t\t\t\t\t<p><a href=\"http:\/\/t80.6ab.myftpupload.com\/wp-content\/uploads\/2021\/07\/Board-support-services@2x.png\"><img decoding=\"async\" class=\"wp-image-805  alignleft\" src=\"http:\/\/t80.6ab.myftpupload.com\/wp-content\/uploads\/2021\/07\/Board-support-services@2x.png\" alt=\"Unterst\u00fctzungsdienste des Verwaltungsrats\" width=\"110\" height=\"121\" \/><\/a>A&amp;C unterst\u00fctzt Investmentfonds mit Dienstleistungen f\u00fcr den Vorstand, damit die Sitzungen reibungslos und effizient ablaufen. Wir arbeiten mit den Managern zusammen, um sicherzustellen, dass alle Materialien allen Teilnehmern rechtzeitig und sicher zur Verf\u00fcgung gestellt werden, damit die Sitzungen produktiver ablaufen k\u00f6nnen. Wir bieten alle Dienstleistungen an, die f\u00fcr eine erfolgreiche und effiziente Sitzung erforderlich sind, darunter die Planung von Sitzungen, die Aufstellung der Tagesordnung, die Verteilung von Sitzungsunterlagen und die Protokollf\u00fchrung.<\/p>\t\t\t\t\t\t\t\t<\/div>\n\t\t\t\t<\/div>\n\t\t\t\t<div class=\"elementor-element elementor-element-0392341 elementor-widget elementor-widget-menu-anchor\" data-id=\"0392341\" data-element_type=\"widget\" data-e-type=\"widget\" data-widget_type=\"menu-anchor.default\">\n\t\t\t\t<div class=\"elementor-widget-container\">\n\t\t\t\t\t\t\t<div class=\"elementor-menu-anchor\" id=\"partnership-representative\"><\/div>\n\t\t\t\t\t\t<\/div>\n\t\t\t\t<\/div>\n\t\t\t\t<div class=\"elementor-element elementor-element-c1d4103 elementor-widget elementor-widget-heading\" data-id=\"c1d4103\" data-element_type=\"widget\" data-e-type=\"widget\" data-settings=\"{&quot;_animation&quot;:&quot;none&quot;}\" data-widget_type=\"heading.default\">\n\t\t\t\t<div class=\"elementor-widget-container\">\n\t\t\t\t\t<h2 class=\"elementor-heading-title elementor-size-default\">Vertreter der Partnerschaft<\/h2>\t\t\t\t<\/div>\n\t\t\t\t<\/div>\n\t\t\t\t<div class=\"elementor-element elementor-element-4cdb35e elementor-widget elementor-widget-text-editor\" data-id=\"4cdb35e\" data-element_type=\"widget\" data-e-type=\"widget\" data-settings=\"{&quot;_animation&quot;:&quot;none&quot;}\" data-widget_type=\"text-editor.default\">\n\t\t\t\t<div class=\"elementor-widget-container\">\n\t\t\t\t\t\t\t\t\t<p><a href=\"http:\/\/t80.6ab.myftpupload.com\/wp-content\/uploads\/2021\/07\/Partnership-representative@2x.png\"><img loading=\"lazy\" decoding=\"async\" class=\"alignleft\" src=\"http:\/\/t80.6ab.myftpupload.com\/wp-content\/uploads\/2021\/07\/Partnership-representative@2x.png\" alt=\"Vertreter der Partnerschaft\" width=\"100\" height=\"100\" \/><\/a>A&amp;C Corporate Services stellt Nicht-US-Fondsmanagern und ausl\u00e4ndischen Personengesellschaften einen designierten Vertreter zur Verf\u00fcgung, um die Anforderungen des IRS an eine wesentliche Pr\u00e4senz in den Vereinigten Staaten zu erf\u00fcllen.<\/p>\n<p><!-- \/wp:paragraph --><!-- wp:paragraph --><\/p>\n<p>A&amp;C wird der Partnerschaft zur Verf\u00fcgung stehen:<\/p>\n<p><!-- \/wp:paragraph --><!-- wp:list {\"ordered\":true} --><\/p>\n<ul>\n<li>Eine benannte U.S.-Person mit Steueridentifikationsnummer<\/li>\n<li>Eine US-Telefonnummer und eine US-Stra\u00dfenanschrift f\u00fcr Korrespondenz und Kontakt<\/li>\n<li>eine benannte US-Person, die pers\u00f6nlich mit dem IRS zusammentrifft, und die Zusage, auf ihre Anfragen zeitnah zu reagieren<\/li>\n<li>Eine benannte US-Person, die die erforderlichen Dokumente ausfertigt und bei der IRS einreicht<\/li>\n<li>Laufende Beratungsdienste im Zusammenhang mit der Pr\u00fcfung und anderen Angelegenheiten<\/li>\n<\/ul>\t\t\t\t\t\t\t\t<\/div>\n\t\t\t\t<\/div>\n\t\t\t\t<div class=\"elementor-element elementor-element-9e1025c elementor-widget elementor-widget-menu-anchor\" data-id=\"9e1025c\" data-element_type=\"widget\" data-e-type=\"widget\" data-widget_type=\"menu-anchor.default\">\n\t\t\t\t<div class=\"elementor-widget-container\">\n\t\t\t\t\t\t\t<div class=\"elementor-menu-anchor\" id=\"corporate-services\"><\/div>\n\t\t\t\t\t\t<\/div>\n\t\t\t\t<\/div>\n\t\t\t\t<div class=\"elementor-element elementor-element-9f874c2 elementor-widget elementor-widget-heading\" data-id=\"9f874c2\" data-element_type=\"widget\" data-e-type=\"widget\" data-settings=\"{&quot;_animation&quot;:&quot;none&quot;}\" data-widget_type=\"heading.default\">\n\t\t\t\t<div class=\"elementor-widget-container\">\n\t\t\t\t\t<h2 class=\"elementor-heading-title elementor-size-default\">Dienstleistungen f\u00fcr Unternehmen<\/h2>\t\t\t\t<\/div>\n\t\t\t\t<\/div>\n\t\t\t\t<div class=\"elementor-element elementor-element-358abef2 elementor-widget elementor-widget-text-editor\" data-id=\"358abef2\" data-element_type=\"widget\" data-e-type=\"widget\" data-settings=\"{&quot;_animation&quot;:&quot;none&quot;}\" data-widget_type=\"text-editor.default\">\n\t\t\t\t<div class=\"elementor-widget-container\">\n\t\t\t\t\t\t\t\t\t<p><a href=\"http:\/\/t80.6ab.myftpupload.com\/wp-content\/uploads\/2021\/07\/Corporate-services@2x.png\"><img loading=\"lazy\" decoding=\"async\" class=\"wp-image-806 alignleft\" src=\"http:\/\/t80.6ab.myftpupload.com\/wp-content\/uploads\/2021\/07\/Corporate-services@2x.png\" alt=\"Dienstleistungen f\u00fcr Unternehmen\" width=\"100\" height=\"133\" \/><\/a>A&amp;C Advisors bietet Investmentmanagern und ihren Anw\u00e4lten das Fachwissen, das sie f\u00fcr die Gr\u00fcndung, Verwaltung und das Management all ihrer Unternehmensdienstleistungen mit einem einzigen Ansprechpartner ben\u00f6tigen. Dank unserer mehr als zwanzigj\u00e4hrigen Erfahrung in der Verm\u00f6gensverwaltungsbranche und unseres nationalen Netzwerks arbeitet A&amp;C mit seinen Kunden zusammen, um pr\u00e4zise und vollst\u00e4ndige Dienstleistungen f\u00fcr die Gr\u00fcndung, Verwaltung und Aufrechterhaltung von Unternehmen in den gesamten Vereinigten Staaten anzubieten.<\/p>\n<p>A&amp;C bietet die folgenden Dienstleistungen zur Gr\u00fcndung und \u00dcberwachung von Unternehmen f\u00fcr Kunden in allen 50 Bundesstaaten an:<\/p>\n<ul>\n<li>Unternehmensgr\u00fcndungen und -registrierungen<\/li>\n<li>Articles of Incorporation for Corporations<\/li>\n<li>Dienstleistungen eines registrierten Agenten<\/li>\n<li>Vertrag Agenturleistungen<\/li>\n<li>Baus\u00e4tze f\u00fcr Unternehmen<\/li>\n<li>Dienstleistungen f\u00fcr Ver\u00f6ffentlichungen<\/li>\n<li>EIN-Erwerbungen<\/li>\n<li>Einreichung von Jahresberichten<\/li>\n<li>Filing of documents to ensure good Standing<\/li>\n<li>Partnerschaftliche Vertretungsdienste<\/li>\n<li>BOI Reporting Services<\/li>\n<li>AMLCO, MLRO, and DMLRO Services<\/li>\n<li>SEC Cybersecurity Rule Consulting<\/li>\n<\/ul>\n<p>\u00a0<\/p>\n<p>A&amp;C Advisors bietet unabh\u00e4ngige, genaue und vollst\u00e4ndige Beratung, Anleitung und Unterst\u00fctzung f\u00fcr die globale Investment-Management-Gemeinschaft, indem wir unseren Kunden professionelle Direktoren, Fonds-Governance-Dienste und strategische Beratungsdienste zur Verf\u00fcgung stellen. Das Team von A&amp;C Advisors bietet ein hohes Ma\u00df an pers\u00f6nlichem Service f\u00fcr Wertpapierfirmen, um sicherzustellen, dass sie genaue und vollst\u00e4ndige Informationen erhalten, um in dem sich st\u00e4ndig weiterentwickelnden regulatorischen Umfeld zu agieren. Unser Team \u00fcberwacht und verfolgt alle staatlichen F\u00e4lligkeitstermine, um die Einhaltung und Aufrechterhaltung des guten Rufs zu gew\u00e4hrleisten. Dar\u00fcber hinaus verf\u00fcgen die A&amp;C-Teams \u00fcber Erfahrung in den Bereichen Risikomanagement, Investmentmanagement, Kapitalbeschaffung und Produktentwicklung.<\/p>\t\t\t\t\t\t\t\t<\/div>\n\t\t\t\t<\/div>\n\t\t\t\t<div class=\"elementor-element elementor-element-30f4b2f elementor-align-center elementor-widget elementor-widget-button\" data-id=\"30f4b2f\" data-element_type=\"widget\" data-e-type=\"widget\" data-widget_type=\"button.default\">\n\t\t\t\t<div class=\"elementor-widget-container\">\n\t\t\t\t\t\t\t\t\t<div class=\"elementor-button-wrapper\">\n\t\t\t\t\t<a class=\"elementor-button elementor-button-link elementor-size-md\" href=\"https:\/\/aandcadvisors.com\/de\/independent-directors\/\">\n\t\t\t\t\t\t<span class=\"elementor-button-content-wrapper\">\n\t\t\t\t\t\t\t\t\t<span class=\"elementor-button-text\">Mehr erfahren<\/span>\n\t\t\t\t\t<\/span>\n\t\t\t\t\t<\/a>\n\t\t\t\t<\/div>\n\t\t\t\t\t\t\t\t<\/div>\n\t\t\t\t<\/div>\n\t\t\t\t\t<\/div>\n\t\t<\/div>\n\t\t\t\t\t<\/div>\n\t\t<\/section>\n\t\t\t\t<\/div>","protected":false},"excerpt":{"rendered":"<p>Strategic consulting There is a difference when you work with people who have sat on trading desks, managed money, raised assets and developed products in all the major global jurisdictions. The A&amp;C Advisors team brings more than 25 years of real investment management experience to both new and existing fund managers. We work on all [&hellip;]<\/p>\n","protected":false},"author":3,"featured_media":0,"parent":0,"menu_order":0,"comment_status":"closed","ping_status":"closed","template":"","meta":{"_monsterinsights_skip_tracking":false,"_monsterinsights_sitenote_active":false,"_monsterinsights_sitenote_note":"","_monsterinsights_sitenote_category":0,"footnotes":""},"class_list":["post-733","page","type-page","status-publish","hentry"],"aioseo_notices":[],"_links":{"self":[{"href":"https:\/\/aandcadvisors.com\/de\/wp-json\/wp\/v2\/pages\/733","targetHints":{"allow":["GET"]}}],"collection":[{"href":"https:\/\/aandcadvisors.com\/de\/wp-json\/wp\/v2\/pages"}],"about":[{"href":"https:\/\/aandcadvisors.com\/de\/wp-json\/wp\/v2\/types\/page"}],"author":[{"embeddable":true,"href":"https:\/\/aandcadvisors.com\/de\/wp-json\/wp\/v2\/users\/3"}],"replies":[{"embeddable":true,"href":"https:\/\/aandcadvisors.com\/de\/wp-json\/wp\/v2\/comments?post=733"}],"version-history":[{"count":105,"href":"https:\/\/aandcadvisors.com\/de\/wp-json\/wp\/v2\/pages\/733\/revisions"}],"predecessor-version":[{"id":4483,"href":"https:\/\/aandcadvisors.com\/de\/wp-json\/wp\/v2\/pages\/733\/revisions\/4483"}],"wp:attachment":[{"href":"https:\/\/aandcadvisors.com\/de\/wp-json\/wp\/v2\/media?parent=733"}],"curies":[{"name":"wp","href":"https:\/\/api.w.org\/{rel}","templated":true}]}}