{"id":4232,"date":"2023-11-06T21:00:08","date_gmt":"2023-11-06T21:00:08","guid":{"rendered":"https:\/\/aandcadvisors.com\/?page_id=4232"},"modified":"2024-02-08T17:46:30","modified_gmt":"2024-02-08T17:46:30","slug":"partnership-representative","status":"publish","type":"page","link":"https:\/\/aandcadvisors.com\/de\/partnership-representative\/","title":{"rendered":"Vertreter der Partnerschaft"},"content":{"rendered":"<div data-elementor-type=\"wp-page\" data-elementor-id=\"4232\" class=\"elementor elementor-4232\" data-elementor-post-type=\"page\">\n\t\t\t\t\t\t<section class=\"elementor-section elementor-top-section elementor-element elementor-element-e46771f elementor-section-boxed elementor-section-height-default elementor-section-height-default\" data-id=\"e46771f\" data-element_type=\"section\" data-e-type=\"section\">\n\t\t\t\t\t\t<div class=\"elementor-container elementor-column-gap-default\">\n\t\t\t\t\t<div class=\"elementor-column elementor-col-100 elementor-top-column elementor-element elementor-element-33f06ec\" data-id=\"33f06ec\" data-element_type=\"column\" data-e-type=\"column\">\n\t\t\t<div class=\"elementor-widget-wrap elementor-element-populated\">\n\t\t\t\t\t\t<div class=\"elementor-element elementor-element-f9e495d elementor-widget elementor-widget-text-editor\" data-id=\"f9e495d\" data-element_type=\"widget\" data-e-type=\"widget\" data-widget_type=\"text-editor.default\">\n\t\t\t\t<div class=\"elementor-widget-container\">\n\t\t\t\t\t\t\t\t\t<p>Wir von A&amp;C Advisors LLC sind stolz darauf, als vertrauensw\u00fcrdige Partnerschaftsvertreter zu fungieren und damit eine unverzichtbare Dienstleistung in der aktuellen Finanzaufsichtslandschaft zu erbringen. In dem sich st\u00e4ndig weiterentwickelnden Regulierungssystem ist es von entscheidender Bedeutung, dass Sie das Unternehmen als Partnerschaftsvertreter ausw\u00e4hlen und nicht das Finanzamt f\u00fcr Sie tun lassen. Als Partnership Representative fungieren wir als Ihr Bindeglied zum IRS und sorgen f\u00fcr eine reibungslose und pr\u00e4zise Kommunikation, wenn Fragen zu den Steuererkl\u00e4rungen Ihres Unternehmens auftauchen.<\/p><h2>Ihr vertrauensw\u00fcrdiger Repr\u00e4sentant<\/h2><p>\u00a0<\/p><p>Die Notwendigkeit eines Vertreters f\u00fcr Partnerschaften im heutigen komplexen steuerlichen Umfeld kann nicht hoch genug eingesch\u00e4tzt werden. Angesichts der eskalierenden regulatorischen Anforderungen und der Komplexit\u00e4t des US-Steuerrechts ist ein Vertreter f\u00fcr US-Steuerpartnerschaften eine Notwendigkeit.<\/p><p>Der Partnerschaftsbeauftragte spielt eine wichtige Rolle bei der Aufrechterhaltung einer offenen Kommunikation mit dem IRS und als Bindeglied zwischen Ihnen und Ihrem Steuerberater, um Antr\u00e4ge und Anfragen des IRS auf effiziente Weise zu bearbeiten. Die Beauftragung von A&amp;C mit dieser Dienstleistung stellt sicher, dass Ihr Unternehmen jemanden vor Ort hat, der die Kommunikation mit dem IRS direkt abwickelt. Wenn Sie sich f\u00fcr A&amp;C entscheiden, k\u00f6nnen Sie sicher sein, dass das Finanzamt die Arbeit nicht f\u00fcr Sie erledigt, sondern dass potenzielle Fragen des Finanzamts zu den Steuererkl\u00e4rungen Ihres Unternehmens von erfahrenen Experten und vor allem von Personen bearbeitet werden, die Sie kennen. Ein Partnerschaftsbeauftragter wie A&amp;C Advisors LLC ist ein strategischer Schritt, um Ihr Unternehmen zu sch\u00fctzen.<\/p><p>Wir von A&amp;C Advisors LLC verstehen die wichtige Rolle, die ein Partnerschaftsbeauftragter spielt und auf die Sie sich verlassen k\u00f6nnen. Unser Team widmet sich der Bereitstellung eines professionellen und freundlichen Service, der durch fundierte Fachkenntnisse in den Bereichen Unternehmensf\u00fchrung, Risikomanagement, Investitionsmanagement, Kapitalbeschaffung, Produktentwicklung und Betrieb gest\u00fctzt wird.<\/p><p>Unser Engagement f\u00fcr den Kundenservice ist beispiellos, denn wir sind bestrebt, Ihnen umfassende Informationen zu liefern, die auf Ihre individuellen Gesch\u00e4fte zugeschnitten sind. Als Ihr Partnerschaftsbeauftragter setzen wir unsere umfassende Erfahrung auf dem globalen Finanzmarkt f\u00fcr Sie ein.<\/p><p>Warten Sie nicht darauf, dass das Finanzamt in Ihrem Namen handelt. Lassen Sie A&amp;C Advisors LLC Ihr vertrauensw\u00fcrdiger Partnerschaftsvertreter sein, der unabh\u00e4ngige, genaue und vollst\u00e4ndige Beratung und Unterst\u00fctzung f\u00fcr die globale Investment Management Community bietet.\u00a0<a href=\"https:\/\/aandcadvisors.com\/de\/contact-us\/\" target=\"_blank\" rel=\"noopener noreferrer\">Kontakt<\/a>\u00a0heute, um mehr dar\u00fcber zu erfahren, wie wir Ihnen helfen k\u00f6nnen, auf dem heutigen Markt erfolgreich zu sein.<\/p>\t\t\t\t\t\t\t\t<\/div>\n\t\t\t\t<\/div>\n\t\t\t\t\t<\/div>\n\t\t<\/div>\n\t\t\t\t\t<\/div>\n\t\t<\/section>\n\t\t\t\t<\/div>","protected":false},"excerpt":{"rendered":"<p>At A&amp;C Advisors LLC, we pride ourselves on serving as a trusted Partnership Representative, delivering an indispensable service in the current financial regulatory landscape. In the ever-evolving regulatory regime, it&#8217;s crucial that you choose the firm to serve a Partnership Representative and do not let the IRS do it for you. As a partnership representative, [&hellip;]<\/p>\n","protected":false},"author":2,"featured_media":0,"parent":0,"menu_order":0,"comment_status":"closed","ping_status":"closed","template":"","meta":{"_monsterinsights_skip_tracking":false,"_monsterinsights_sitenote_active":false,"_monsterinsights_sitenote_note":"","_monsterinsights_sitenote_category":0,"footnotes":""},"class_list":["post-4232","page","type-page","status-publish","hentry"],"aioseo_notices":[],"_links":{"self":[{"href":"https:\/\/aandcadvisors.com\/de\/wp-json\/wp\/v2\/pages\/4232","targetHints":{"allow":["GET"]}}],"collection":[{"href":"https:\/\/aandcadvisors.com\/de\/wp-json\/wp\/v2\/pages"}],"about":[{"href":"https:\/\/aandcadvisors.com\/de\/wp-json\/wp\/v2\/types\/page"}],"author":[{"embeddable":true,"href":"https:\/\/aandcadvisors.com\/de\/wp-json\/wp\/v2\/users\/2"}],"replies":[{"embeddable":true,"href":"https:\/\/aandcadvisors.com\/de\/wp-json\/wp\/v2\/comments?post=4232"}],"version-history":[{"count":7,"href":"https:\/\/aandcadvisors.com\/de\/wp-json\/wp\/v2\/pages\/4232\/revisions"}],"predecessor-version":[{"id":4239,"href":"https:\/\/aandcadvisors.com\/de\/wp-json\/wp\/v2\/pages\/4232\/revisions\/4239"}],"wp:attachment":[{"href":"https:\/\/aandcadvisors.com\/de\/wp-json\/wp\/v2\/media?parent=4232"}],"curies":[{"name":"wp","href":"https:\/\/api.w.org\/{rel}","templated":true}]}}